{"id":292,"date":"2012-09-05T17:55:20","date_gmt":"2012-09-05T15:55:20","guid":{"rendered":"http:\/\/www.begal.hr\/?page_id=292"},"modified":"2013-12-01T18:42:50","modified_gmt":"2013-12-01T16:42:50","slug":"sekcijska-vrata","status":"publish","type":"page","link":"https:\/\/www.begal.hr\/?page_id=292","title":{"rendered":"<!--:hr-->Sekcijska gara\u017ena vrata<!--:--><!--:en-->Sekcijska vrata<!--:--><!--:de-->Sekcijska vrata<!--:-->"},"content":{"rendered":"<p><!--:hr--><\/p>\n<h1>Sekcijska gara\u017ena vrata<\/h1>\n<h3>HORMANN GARA\u017dNA VRATA<img loading=\"lazy\" decoding=\"async\" class=\"alignright\" title=\"hormman_logo\" src=\"http:\/\/www.begal.hr\/wp-content\/uploads\/2012\/04\/hormman_logo.jpg\" alt=\"\" width=\"195\" height=\"29\" \/><\/h3>\n<p>Made in Germany<br \/>\nVrata i motori Hormann sto posto su uskla\u0111eni a zbog Va\u0161e sigurnosti<br \/>\nprovjerili su ih i certificirali nezavisni, priznati instituti. Usavr\u0161eni su prema sustavu kvalitete<br \/>\nDIN ISO 9001 i ispunjavaju sve zahtjeve Europske norme<\/p>\n<table style=\"border-spacing: 0px;\">\n<tbody>\n<tr>\n<td style=\"border: none;\"><a href=\"http:\/\/www.begal.hr\/katalozi\/sekcijska vrata HR.pdf\" target=\"_blank\"><img loading=\"lazy\" decoding=\"async\" title=\"PDF\" src=\"http:\/\/www.begal.hr\/pdf_icon.jpg\" alt=\"\" width=\"30\" height=\"30\" \/><\/a><\/td>\n<td style=\"border: none; vertical-align: middle;\"><a href=\"http:\/\/www.begal.hr\/katalozi\/sekcijska vrata HR.pdf\" target=\"_blank\">Katalog sekcijskih vrata<\/a><\/td>\n<td style=\"border: none; width: 200px; text-align: right;\"><a href=\"http:\/\/www.begal.hr\/wp-content\/uploads\/2012\/04\/Brochure_86324-Side_Sectional_Door_EN.pdf\" target=\"_blank\"><img loading=\"lazy\" decoding=\"async\" title=\"PDF\" src=\"http:\/\/www.begal.hr\/pdf_icon.jpg\" alt=\"\" width=\"30\" height=\"30\" \/><\/a><\/td>\n<td style=\"border: none; vertical-align: middle;\"><a href=\"http:\/\/www.begal.hr\/wp-content\/uploads\/2012\/04\/Brochure_86324-Side_Sectional_Door_EN.pdf\" target=\"_blank\">Katalog bo\u010dnih sekcijskih vrata<\/a><\/td>\n<\/tr>\n<\/tbody>\n<\/table>\n<div class=\"gray_text \" style=\"float: left; width: 848px;\">\nNove boje za gara\u017ena sekcijska vrata, novi motivi &#8211; dekori od drva s novom tehnologijom Decograin i ve\u010dom otporno\u0161\u010du na ogrebotine. Novi modeli panela od masivnog drveta. Izra\u0111uju se od Nordijske smreke i Ameri\u010dke jele. Mogu\u010dnost izbora od rustikalnog izgleda do Va\u0161eg osobnog osmi\u0161ljenog motiva kao \u0161to su inicijali, logo, ku\u010dni broj i sli\u010dno.<br \/>\nZa za\u0161titu od nametnika i plijesni drvo se ve\u0107 tvorni\u010dki impregnira. Da bi vrata sa\u010duvala svoj lijep izgled potrebno<br \/>\nih je kasnije, na mjestu ugradnje, premazati lazurom za drvo kako bi ih za\u0161titili od vremenskih utjecaja.<br \/>\nVi\u0161e detalja u katalozima.<br \/>\n<a href=\"http:\/\/www.begal.hr\/wp-content\/uploads\/2013\/02\/motiv1.jpg\" rel=\"lightbox[292]\"><img loading=\"lazy\" decoding=\"async\" class=\"alignleft\" title=\"motiv1\" src=\"http:\/\/www.begal.hr\/wp-content\/uploads\/2013\/02\/motiv1-300x230.jpg\" alt=\"\" width=\"300\" height=\"230\" \/><\/a><br \/>\n<a href=\"http:\/\/www.begal.hr\/wp-content\/uploads\/2013\/02\/motiv2.jpg\" rel=\"lightbox[292]\"><img loading=\"lazy\" decoding=\"async\" class=\"alignleft\" title=\"motiv2\" src=\"http:\/\/www.begal.hr\/wp-content\/uploads\/2013\/02\/motiv2-300x198.jpg\" alt=\"\" width=\"300\" height=\"198\" \/><\/a><\/div>\n<div style=\"float: left; width: 350px;\">\n<p><a href=\"http:\/\/www.begal.hr\/wp-content\/uploads\/2012\/09\/za\u0161tita-od-prignje\u010denja.jpg\" rel=\"lightbox[292]\"><img loading=\"lazy\" decoding=\"async\" title=\"Za\u0161tita od prignje\u010denja\" src=\"http:\/\/www.begal.hr\/wp-content\/uploads\/2012\/09\/za\u0161tita-od-prignje\u010denja.jpg\" alt=\"\" width=\"349\" height=\"317\" \/><\/a><\/p>\n<p>U slu\u010daju nailazka na bilo kakvu prepreku prilikom spu\u0161tanja sekcijska Hormann \u00a0vrata automatski se zaustavljaju.<a href=\"http:\/\/www.begal.hr\/wp-content\/uploads\/2012\/09\/za\u0161tita-od-prignje\u010denja.jpg\" rel=\"lightbox[292]\"><br \/>\n<\/a><a href=\"http:\/\/www.begal.hr\/wp-content\/uploads\/2012\/09\/L-\u017eljeb-dizajn.jpg\" rel=\"lightbox[292]\"><img loading=\"lazy\" decoding=\"async\" title=\"L \u017eljeb dizajn\" src=\"http:\/\/www.begal.hr\/wp-content\/uploads\/2012\/09\/L-\u017eljeb-dizajn.jpg\" alt=\"\" width=\"345\" height=\"193\" \/><br \/>\n<\/a><a href=\"http:\/\/www.begal.hr\/wp-content\/uploads\/2012\/09\/slika3.jpg\" rel=\"lightbox[292]\"><img loading=\"lazy\" decoding=\"async\" src=\"http:\/\/www.begal.hr\/wp-content\/uploads\/2012\/09\/slika3.jpg\" alt=\"\" width=\"334\" height=\"96\" \/><br \/>\n<\/a><br \/>\nDodatna podna brtva, svojim ve\u010dim profilom izjedna\u010dava manje neravnine na podu.<br \/>\n<a href=\"http:\/\/www.begal.hr\/wp-content\/uploads\/2012\/09\/2012-06-29-205.jpg\" rel=\"lightbox[292]\"><img loading=\"lazy\" decoding=\"async\" class=\"aligncenter\" src=\"http:\/\/www.begal.hr\/wp-content\/uploads\/2012\/09\/2012-06-29-205-300x225.jpg\" alt=\"\" width=\"331\" height=\"245\" \/><\/a><\/p>\n<\/div>\n<div style=\"float: right; width: 500px;\">\n<div class=\"alignleft\" style=\"width: 280px; margin-top: 12px; margin-left: 15px;\">KVALITETA KOJA TRAJE Zahvaljuju\u010di odli\u010dnim tehni\u010dkim rje\u0161enjima i<br \/>\nbezkompromisnoj kvaliteti Hormann daje 10 godina jamstva na sva sekcijska vrata i 5 godina na Hormann pogone.Neke od prednosti:<br \/>\nHormann koristi zup\u010dasti remen izra\u0111en od Aramid-vlakana, poja\u010dani kevlar.<br \/>\nKEVLAR, zup\u010dasti remen posebno je otporan na trganje.<br \/>\n<a href=\"http:\/\/www.begal.hr\/wp-content\/uploads\/2012\/09\/IMG_00000043.jpg\" rel=\"lightbox[292]\"><img loading=\"lazy\" decoding=\"async\" class=\"aligncenter\" src=\"http:\/\/www.begal.hr\/wp-content\/uploads\/2012\/09\/IMG_00000043-150x84.jpg\" alt=\"kevlar\" width=\"150\" height=\"84\" \/><\/a>Podmazivanje nije potrebno.<\/div>\n<p><img loading=\"lazy\" decoding=\"async\" class=\"alignright\" title=\"10g garancije\" src=\"http:\/\/www.begal.hr\/wp-content\/uploads\/2012\/09\/10_g_garancije-150x150.jpg\" alt=\"\" width=\"150\" height=\"142\" \/><\/p>\n<div style=\"clear: both;\"><\/div>\n<div class=\"gray_text\"><a href=\"http:\/\/www.begal.hr\/?page_id=682\">Hightech dodatna oprema za upravljanje<\/a><\/div>\n<p><a href=\"http:\/\/www.begal.hr\/wp-content\/uploads\/2012\/09\/Capture.jpg\" rel=\"lightbox[292]\"><br \/>\n<img loading=\"lazy\" decoding=\"async\" class=\"alignleft\" src=\"http:\/\/www.begal.hr\/wp-content\/uploads\/2012\/09\/Capture.jpg\" alt=\"\" width=\"444\" height=\"341\" \/><br \/>\n<\/a><br \/>\nHormann gara\u017ena vrata imaju niz normiranih veli\u010dina po povoljnim cijenama.<\/p>\n<table>\n<thead>\n<tr>\n<th colspan=\"4\">\u0161irina x visina<\/th>\n<\/tr>\n<\/thead>\n<tbody>\n<tr>\n<td>2250 * 1875<\/td>\n<td>2375 * 1875<\/td>\n<td>2500 * 1875<\/td>\n<td>2625 * 2125<\/td>\n<\/tr>\n<tr>\n<td>2250 * 2000<\/td>\n<td>2375 * 2000<\/td>\n<td>2500 * 2000<\/td>\n<td><\/td>\n<\/tr>\n<tr>\n<td>2250 * 2125<\/td>\n<td>2375 * 2080<\/td>\n<td>2500 * 2080<\/td>\n<td><\/td>\n<\/tr>\n<tr>\n<td><\/td>\n<td>2375 * 2250<\/td>\n<td>2500 * 2125<\/td>\n<td><\/td>\n<\/tr>\n<tr>\n<td><\/td>\n<td><\/td>\n<td>2500 * 2250<\/td>\n<td><\/td>\n<\/tr>\n<tr>\n<td><\/td>\n<td><\/td>\n<td>2500 * 2375<\/td>\n<td><\/td>\n<\/tr>\n<tr>\n<td><\/td>\n<td><\/td>\n<td>2500 * 2500<\/td>\n<td><\/td>\n<\/tr>\n<\/tbody>\n<\/table>\n<p>i jo\u0161 mnoge druge.<\/p>\n<p>Vi\u0161e o mjerama skcijskih vrata pogledajte pod katalozima u Hormann katalogu &#8211; Gara\u017ena sekcijska vrata<\/p>\n<div class=\"gray_text\"><strong>Za slanje upita kliknite\u00a0<a href=\"?page_id=27\">ovdje<\/a>\u00a0<\/strong><\/div>\n<\/div>\n<div style=\"clear: both;\"><\/div>\n<p>Dizajnirana gara\u017ena vrata- isklju\u010divo kako Vi \u017eelite &#8211; krilna vrata mogu se oblo\u017eiti drvom, metalom, keramikom, plastikom i ostalim materijalima, po Va\u0161oj \u017eelji i ukusu.<br \/>\nVi\u0161e o vratima za oblikovanje pro\u010delja u Hormann katalogu &#8220;gara\u017ena sekcijska vrata&#8221; strana 32, 33, 34, ili pod krilno podizna Bery vrata<\/p>\n<div class=\"gray_text \" style=\"float: left; width: 848px;\">\n<table style=\"border-spacing: 0px;\">\n<tbody>\n<tr>\n<td style=\"border: none;\"><a href=\"http:\/\/www.begal.hr\/wp-content\/uploads\/2012\/09\/2013-10-09-1006.jpg\" rel=\"lightbox[292]\"><img loading=\"lazy\" decoding=\"async\" class=\"alignleft\" title=\"2013-10-09-1006\" src=\"http:\/\/www.begal.hr\/wp-content\/uploads\/2012\/09\/2013-10-09-1006-300x168.jpg\" alt=\"DF 98\" width=\"300\" height=\"168\" \/><\/a><\/td>\n<td style=\"border: none;\"><a href=\"http:\/\/www.begal.hr\/wp-content\/uploads\/2012\/09\/2013-10-09-1005.jpg\" rel=\"lightbox[292]\"><img loading=\"lazy\" decoding=\"async\" class=\"alignleft\" title=\"2013-10-09-1005\" src=\"http:\/\/www.begal.hr\/wp-content\/uploads\/2012\/09\/2013-10-09-1005-150x84.jpg\" alt=\"DF 98\" width=\"150\" height=\"84\" \/><\/a><\/td>\n<td style=\"border: none;\"><a href=\"http:\/\/www.begal.hr\/wp-content\/uploads\/2012\/09\/2013-10-09-1004.jpg\" rel=\"lightbox[292]\"><img loading=\"lazy\" decoding=\"async\" class=\"alignleft\" title=\"2013-10-09-1004\" src=\"http:\/\/www.begal.hr\/wp-content\/uploads\/2012\/09\/2013-10-09-1004-150x84.jpg\" alt=\"DF 98\" width=\"150\" height=\"84\" \/><\/a><\/td>\n<td style=\"border: none;\"><a href=\"http:\/\/www.begal.hr\/wp-content\/uploads\/2012\/09\/2013-10-09-1003.jpg\" rel=\"lightbox[292]\"><img loading=\"lazy\" decoding=\"async\" class=\"alignleft\" title=\"2013-10-09-1003\" src=\"http:\/\/www.begal.hr\/wp-content\/uploads\/2012\/09\/2013-10-09-1003-150x84.jpg\" alt=\"DF 98\" width=\"150\" height=\"84\" \/><\/a><\/td>\n<p>DF 98 vrata za oblikovanje pro\u010delja Va\u0161ih objekata<br \/>\nKrilno podizna gara\u017ena vrata Tip DF 98 se mogu opteretiti te\u017einom materijala (oblogom) do 10kg\/m\u00b2, upravljana preko hormann supramatic pogona putem daljinskog upravlja\u010da s Bisecur tehnologijom<br \/>\nVrata su tvorni\u010dki pripremljena za monta\u017eu a svijetla mjera visine prolaska se umanjuje za 135mm za vrata ugra\u0111ena u otvor, na slikama razmak izme\u0111u plo\u010da je cca 8mm<br \/>\nOvakva estetski oblikovana gara\u017ena vrata za neke objekte i projekte su idealno rje\u0161enje<br \/>\n<\/tr>\n<\/tbody>\n<\/table>\n<\/div>\n<div class=\"clear\"><\/div>\n<div class=\"gray_text\" style=\"float: left;\">Pogledajte kratki film o sigurnosi Hormann vrata,<br \/>\nautomatskom zaklju\u010davanju<br \/>\n<a title=\"Reassuring security\" onclick=\"open_win( 'http:\/\/www.hormann.co.uk\/fileadmin\/hormann.co.uk\/Video\/garagentor_en_skin.html', 310, 550);\" href=\"#\"><img loading=\"lazy\" decoding=\"async\" src=\"http:\/\/www.hormann.co.uk\/fileadmin\/hoermann.de\/images\/Beruhigend_Sicher.jpg\" alt=\"\" width=\"301\" height=\"181\" border=\"0\" \/><\/a><\/div>\n<div class=\"gray_text\" style=\"float: left; width: 370px; margin-left: 25px;\"><a href=\"http:\/\/www.begal.hr\/wp-content\/uploads\/2012\/11\/thermoFrame.jpg\" rel=\"lightbox[292]\"><img loading=\"lazy\" decoding=\"async\" title=\"ThermoFrame\" src=\"http:\/\/www.begal.hr\/wp-content\/uploads\/2012\/11\/thermoFrame.jpg\" alt=\"\" width=\"340\" height=\"326\" \/><\/a><br \/>\nModeran plasti\u010dni okvir crne boje, koji se montira zajedno s okvirom vrata, osigurava toplinsku podjelu okvira i zida te time pobolj\u0161ava izolaciju za 15 %*. Dodatak za okvir <strong>ThermoFrame<\/strong> mo\u017eete kao opciju naru\u010diti za sva H\u00f6rmann sekcijska vrata.<\/div>\n<div style=\"clear: both;\"><\/div>\n<p>Vi\u0161e o Hormann vratima, bojama i modelima u online <a href=\"http:\/\/www.begal.hr\/katalozi\/sekcijska vrata HR.pdf\" target=\"_blank\">katalogu<\/a><\/p>\n<div style=\"clear: both;\"><\/div>\n<p><!--:--><!--:en--><\/p>\n<p><!--:--><!--:de--><\/p>\n<p><!--:--><\/p>\n","protected":false},"excerpt":{"rendered":"<p>Sekcijska gara\u017ena vrata HORMANN GARA\u017dNA VRATA Made in Germany Vrata i motori Hormann sto posto su uskla\u0111eni a zbog Va\u0161e sigurnosti provjerili su ih i certificirali nezavisni, priznati instituti. Usavr\u0161eni su prema sustavu kvalitete DIN ISO 9001 i ispunjavaju sve zahtjeve Europske norme Katalog sekcijskih vrata Katalog bo\u010dnih sekcijskih vrata Nove boje za gara\u017ena sekcijska [&hellip;]<\/p>\n","protected":false},"author":1,"featured_media":0,"parent":0,"menu_order":0,"comment_status":"open","ping_status":"closed","template":"","meta":{"footnotes":""},"class_list":["post-292","page","type-page","status-publish","hentry"],"yoast_head":"<!-- This site is optimized with the Yoast SEO plugin v24.0 - https:\/\/yoast.com\/wordpress\/plugins\/seo\/ -->\n<title>Sekcijska gara\u017ena vrataSekcijska vrataSekcijska vrata - Begal<\/title>\n<meta name=\"robots\" content=\"index, follow, max-snippet:-1, max-image-preview:large, max-video-preview:-1\" \/>\n<link rel=\"canonical\" href=\"https:\/\/www.begal.hr\/?page_id=292\" \/>\n<meta property=\"og:locale\" content=\"en_US\" \/>\n<meta property=\"og:type\" content=\"article\" \/>\n<meta property=\"og:title\" content=\"Sekcijska gara\u017ena vrataSekcijska vrataSekcijska vrata - Begal\" \/>\n<meta property=\"og:description\" content=\"Sekcijska gara\u017ena vrata HORMANN GARA\u017dNA VRATA Made in Germany Vrata i motori Hormann sto posto su uskla\u0111eni a zbog Va\u0161e sigurnosti provjerili su ih i certificirali nezavisni, priznati instituti. Usavr\u0161eni su prema sustavu kvalitete DIN ISO 9001 i ispunjavaju sve zahtjeve Europske norme Katalog sekcijskih vrata Katalog bo\u010dnih sekcijskih vrata Nove boje za gara\u017ena sekcijska [&hellip;]\" \/>\n<meta property=\"og:url\" content=\"https:\/\/www.begal.hr\/?page_id=292\" \/>\n<meta property=\"og:site_name\" content=\"Begal\" \/>\n<meta property=\"article:modified_time\" content=\"2013-12-01T16:42:50+00:00\" \/>\n<meta property=\"og:image\" content=\"http:\/\/www.begal.hr\/wp-content\/uploads\/2012\/04\/hormman_logo.jpg\" \/>\n<meta name=\"twitter:label1\" content=\"Est. reading time\" \/>\n\t<meta name=\"twitter:data1\" content=\"2 minutes\" \/>\n<script type=\"application\/ld+json\" class=\"yoast-schema-graph\">{\"@context\":\"https:\/\/schema.org\",\"@graph\":[{\"@type\":\"WebPage\",\"@id\":\"https:\/\/www.begal.hr\/?page_id=292\",\"url\":\"https:\/\/www.begal.hr\/?page_id=292\",\"name\":\"Sekcijska gara\u017ena vrataSekcijska vrataSekcijska vrata - Begal\",\"isPartOf\":{\"@id\":\"https:\/\/www.begal.hr\/#website\"},\"primaryImageOfPage\":{\"@id\":\"https:\/\/www.begal.hr\/?page_id=292#primaryimage\"},\"image\":{\"@id\":\"https:\/\/www.begal.hr\/?page_id=292#primaryimage\"},\"thumbnailUrl\":\"http:\/\/www.begal.hr\/wp-content\/uploads\/2012\/04\/hormman_logo.jpg\",\"datePublished\":\"2012-09-05T15:55:20+00:00\",\"dateModified\":\"2013-12-01T16:42:50+00:00\",\"breadcrumb\":{\"@id\":\"https:\/\/www.begal.hr\/?page_id=292#breadcrumb\"},\"inLanguage\":\"en-US\",\"potentialAction\":[{\"@type\":\"ReadAction\",\"target\":[\"https:\/\/www.begal.hr\/?page_id=292\"]}]},{\"@type\":\"ImageObject\",\"inLanguage\":\"en-US\",\"@id\":\"https:\/\/www.begal.hr\/?page_id=292#primaryimage\",\"url\":\"http:\/\/www.begal.hr\/wp-content\/uploads\/2012\/04\/hormman_logo.jpg\",\"contentUrl\":\"http:\/\/www.begal.hr\/wp-content\/uploads\/2012\/04\/hormman_logo.jpg\"},{\"@type\":\"BreadcrumbList\",\"@id\":\"https:\/\/www.begal.hr\/?page_id=292#breadcrumb\",\"itemListElement\":[{\"@type\":\"ListItem\",\"position\":1,\"name\":\"Po\u010detna stranica\",\"item\":\"https:\/\/www.begal.hr\/\"},{\"@type\":\"ListItem\",\"position\":2,\"name\":\"Sekcijska gara\u017ena vrataSekcijska vrataSekcijska vrata\"}]},{\"@type\":\"WebSite\",\"@id\":\"https:\/\/www.begal.hr\/#website\",\"url\":\"https:\/\/www.begal.hr\/\",\"name\":\"Begal\",\"description\":\"Matija Bingula\",\"potentialAction\":[{\"@type\":\"SearchAction\",\"target\":{\"@type\":\"EntryPoint\",\"urlTemplate\":\"https:\/\/www.begal.hr\/?s={search_term_string}\"},\"query-input\":{\"@type\":\"PropertyValueSpecification\",\"valueRequired\":true,\"valueName\":\"search_term_string\"}}],\"inLanguage\":\"en-US\"}]}<\/script>\n<!-- \/ Yoast SEO plugin. -->","yoast_head_json":{"title":"Sekcijska gara\u017ena vrataSekcijska vrataSekcijska vrata - Begal","robots":{"index":"index","follow":"follow","max-snippet":"max-snippet:-1","max-image-preview":"max-image-preview:large","max-video-preview":"max-video-preview:-1"},"canonical":"https:\/\/www.begal.hr\/?page_id=292","og_locale":"en_US","og_type":"article","og_title":"Sekcijska gara\u017ena vrataSekcijska vrataSekcijska vrata - Begal","og_description":"Sekcijska gara\u017ena vrata HORMANN GARA\u017dNA VRATA Made in Germany Vrata i motori Hormann sto posto su uskla\u0111eni a zbog Va\u0161e sigurnosti provjerili su ih i certificirali nezavisni, priznati instituti. Usavr\u0161eni su prema sustavu kvalitete DIN ISO 9001 i ispunjavaju sve zahtjeve Europske norme Katalog sekcijskih vrata Katalog bo\u010dnih sekcijskih vrata Nove boje za gara\u017ena sekcijska [&hellip;]","og_url":"https:\/\/www.begal.hr\/?page_id=292","og_site_name":"Begal","article_modified_time":"2013-12-01T16:42:50+00:00","og_image":[{"url":"http:\/\/www.begal.hr\/wp-content\/uploads\/2012\/04\/hormman_logo.jpg","type":"","width":"","height":""}],"twitter_misc":{"Est. reading time":"2 minutes"},"schema":{"@context":"https:\/\/schema.org","@graph":[{"@type":"WebPage","@id":"https:\/\/www.begal.hr\/?page_id=292","url":"https:\/\/www.begal.hr\/?page_id=292","name":"Sekcijska gara\u017ena vrataSekcijska vrataSekcijska vrata - Begal","isPartOf":{"@id":"https:\/\/www.begal.hr\/#website"},"primaryImageOfPage":{"@id":"https:\/\/www.begal.hr\/?page_id=292#primaryimage"},"image":{"@id":"https:\/\/www.begal.hr\/?page_id=292#primaryimage"},"thumbnailUrl":"http:\/\/www.begal.hr\/wp-content\/uploads\/2012\/04\/hormman_logo.jpg","datePublished":"2012-09-05T15:55:20+00:00","dateModified":"2013-12-01T16:42:50+00:00","breadcrumb":{"@id":"https:\/\/www.begal.hr\/?page_id=292#breadcrumb"},"inLanguage":"en-US","potentialAction":[{"@type":"ReadAction","target":["https:\/\/www.begal.hr\/?page_id=292"]}]},{"@type":"ImageObject","inLanguage":"en-US","@id":"https:\/\/www.begal.hr\/?page_id=292#primaryimage","url":"http:\/\/www.begal.hr\/wp-content\/uploads\/2012\/04\/hormman_logo.jpg","contentUrl":"http:\/\/www.begal.hr\/wp-content\/uploads\/2012\/04\/hormman_logo.jpg"},{"@type":"BreadcrumbList","@id":"https:\/\/www.begal.hr\/?page_id=292#breadcrumb","itemListElement":[{"@type":"ListItem","position":1,"name":"Po\u010detna stranica","item":"https:\/\/www.begal.hr\/"},{"@type":"ListItem","position":2,"name":"Sekcijska gara\u017ena vrataSekcijska vrataSekcijska vrata"}]},{"@type":"WebSite","@id":"https:\/\/www.begal.hr\/#website","url":"https:\/\/www.begal.hr\/","name":"Begal","description":"Matija Bingula","potentialAction":[{"@type":"SearchAction","target":{"@type":"EntryPoint","urlTemplate":"https:\/\/www.begal.hr\/?s={search_term_string}"},"query-input":{"@type":"PropertyValueSpecification","valueRequired":true,"valueName":"search_term_string"}}],"inLanguage":"en-US"}]}},"_links":{"self":[{"href":"https:\/\/www.begal.hr\/index.php?rest_route=\/wp\/v2\/pages\/292","targetHints":{"allow":["GET"]}}],"collection":[{"href":"https:\/\/www.begal.hr\/index.php?rest_route=\/wp\/v2\/pages"}],"about":[{"href":"https:\/\/www.begal.hr\/index.php?rest_route=\/wp\/v2\/types\/page"}],"author":[{"embeddable":true,"href":"https:\/\/www.begal.hr\/index.php?rest_route=\/wp\/v2\/users\/1"}],"replies":[{"embeddable":true,"href":"https:\/\/www.begal.hr\/index.php?rest_route=%2Fwp%2Fv2%2Fcomments&post=292"}],"version-history":[{"count":247,"href":"https:\/\/www.begal.hr\/index.php?rest_route=\/wp\/v2\/pages\/292\/revisions"}],"predecessor-version":[{"id":316,"href":"https:\/\/www.begal.hr\/index.php?rest_route=\/wp\/v2\/pages\/292\/revisions\/316"}],"wp:attachment":[{"href":"https:\/\/www.begal.hr\/index.php?rest_route=%2Fwp%2Fv2%2Fmedia&parent=292"}],"curies":[{"name":"wp","href":"https:\/\/api.w.org\/{rel}","templated":true}]}}